{"id":7,"date":"2025-11-24T11:06:20","date_gmt":"2025-11-24T11:06:20","guid":{"rendered":"https:\/\/leopoldprvi.com\/?page_id=7"},"modified":"2025-11-24T12:01:38","modified_gmt":"2025-11-24T12:01:38","slug":"leopoldprvi","status":"publish","type":"page","link":"https:\/\/leopoldprvi.com\/","title":{"rendered":"Leopoldprvi"},"content":{"rendered":"\t\t<div data-elementor-type=\"wp-post\" data-elementor-id=\"7\" class=\"elementor elementor-7\">\n\t\t\t\t<div class=\"elementor-element elementor-element-undefined-1fbf654 e-con-full e-flex e-con e-parent\" data-id=\"undefined-1fbf654\" data-element_type=\"container\" data-settings=\"{&quot;background_background&quot;:&quot;slideshow&quot;,&quot;background_slideshow_gallery&quot;:[{&quot;id&quot;:9,&quot;url&quot;:&quot;https:\\\/\\\/leopoldprvi.com\\\/wp-content\\\/uploads\\\/2025\\\/11\\\/Dobro-jutro-album-Simon-Zimic-scaled.jpg&quot;}],&quot;background_slideshow_loop&quot;:&quot;yes&quot;,&quot;background_slideshow_slide_duration&quot;:5000,&quot;background_slideshow_slide_transition&quot;:&quot;fade&quot;,&quot;background_slideshow_transition_duration&quot;:500}\">\n\t\t<div class=\"elementor-element elementor-element-undefined-4c41a81 e-flex e-con-boxed e-con e-child\" data-id=\"undefined-4c41a81\" data-element_type=\"container\">\n\t\t\t\t\t<div class=\"e-con-inner\">\n\t\t<div class=\"elementor-element elementor-element-undefined-0b6aeab e-flex e-con-boxed e-con e-child\" data-id=\"undefined-0b6aeab\" data-element_type=\"container\">\n\t\t\t\t\t<div class=\"e-con-inner\">\n\t\t\t\t<div class=\"elementor-element elementor-element-undefined-f41d216 elementor-widget elementor-widget-heading\" data-id=\"undefined-f41d216\" data-element_type=\"widget\" data-widget_type=\"heading.default\">\n\t\t\t\t\t<h2 class=\"elementor-heading-title elementor-size-default\">Leopold I.<\/h2>\t\t\t\t<\/div>\n\t\t\t\t\t<\/div>\n\t\t\t\t<\/div>\n\t\t<div class=\"elementor-element elementor-element-undefined-dab04a4 e-con-full e-flex e-con e-child\" data-id=\"undefined-dab04a4\" data-element_type=\"container\">\n\t\t\t\t<div class=\"elementor-element elementor-element-undefined-32ff983 elementor-widget elementor-widget-text-editor\" data-id=\"undefined-32ff983\" data-element_type=\"widget\" data-widget_type=\"text-editor.default\">\n\t\t\t\t\t\t\t\t\t<h4 style=\"font-family: Aptos, Aptos_MSFontService, -apple-system, Roboto, Arial, Helvetica, sans-serif; font-size: 12pt; color: #000000;\"><span style=\"color: #ffffff;\">Leopold I. je gornjeradgonski raper, ki v svojih besedilih portretira malega \u010dloveka. Odstira zavese na fluorescentnih fasadah urejenih pode\u017eelskih hi\u0161 in na videz popolnim dru\u017einam kuka v kro\u017enike po nedeljski ma\u0161i (Ur\u0161ula Zaletelj, Val 202).<\/span><\/h4>\t\t\t\t\t\t\t\t<\/div>\n\t\t\t\t<div class=\"elementor-element elementor-element-undefined-7898192 elementor-widget__width-auto elementor-widget elementor-widget-button\" data-id=\"undefined-7898192\" data-element_type=\"widget\" data-widget_type=\"button.default\">\n\t\t\t\t\t\t\t\t\t\t<a class=\"elementor-button elementor-button-link elementor-size-sm\" href=\"#leopold\">\n\t\t\t\t\t\t<span class=\"elementor-button-content-wrapper\">\n\t\t\t\t\t\t\t\t\t<span class=\"elementor-button-text\">Ve\u010d...<\/span>\n\t\t\t\t\t<\/span>\n\t\t\t\t\t<\/a>\n\t\t\t\t\t\t\t\t<\/div>\n\t\t\t\t<\/div>\n\t\t\t\t\t<\/div>\n\t\t\t\t<\/div>\n\t\t\t\t<\/div>\n\t\t<div class=\"elementor-element elementor-element-46621b6 e-flex e-con-boxed e-con e-parent\" data-id=\"46621b6\" data-element_type=\"container\">\n\t\t\t\t\t<div class=\"e-con-inner\">\n\t\t\t\t<div class=\"elementor-element elementor-element-0787621 elementor-widget elementor-widget-spacer\" data-id=\"0787621\" data-element_type=\"widget\" data-widget_type=\"spacer.default\">\n\t\t\t\t\t\t\t<div class=\"elementor-spacer\">\n\t\t\t<div class=\"elementor-spacer-inner\"><\/div>\n\t\t<\/div>\n\t\t\t\t\t\t<\/div>\n\t\t\t\t\t<\/div>\n\t\t\t\t<\/div>\n\t\t<div class=\"elementor-element elementor-element-5940386 leopold e-flex e-con-boxed e-con e-parent\" data-id=\"5940386\" data-element_type=\"container\" id=\"leopold\">\n\t\t\t\t\t<div class=\"e-con-inner\">\n\t\t<div class=\"elementor-element elementor-element-2549b6a e-con-full e-flex e-con e-child\" data-id=\"2549b6a\" data-element_type=\"container\">\n\t\t\t\t<div class=\"elementor-element elementor-element-b1e7224 elementor-widget elementor-widget-image\" data-id=\"b1e7224\" data-element_type=\"widget\" data-widget_type=\"image.default\">\n\t\t\t\t\t\t\t\t\t\t\t\t\t\t\t<img fetchpriority=\"high\" decoding=\"async\" width=\"800\" height=\"1000\" src=\"https:\/\/leopoldprvi.com\/wp-content\/uploads\/2025\/11\/DSC01006-Edit-819x1024.jpeg\" class=\"attachment-large size-large wp-image-10\" alt=\"\" srcset=\"https:\/\/leopoldprvi.com\/wp-content\/uploads\/2025\/11\/DSC01006-Edit-819x1024.jpeg 819w, https:\/\/leopoldprvi.com\/wp-content\/uploads\/2025\/11\/DSC01006-Edit-240x300.jpeg 240w, https:\/\/leopoldprvi.com\/wp-content\/uploads\/2025\/11\/DSC01006-Edit-768x960.jpeg 768w, https:\/\/leopoldprvi.com\/wp-content\/uploads\/2025\/11\/DSC01006-Edit-1229x1536.jpeg 1229w, https:\/\/leopoldprvi.com\/wp-content\/uploads\/2025\/11\/DSC01006-Edit-1638x2048.jpeg 1638w, https:\/\/leopoldprvi.com\/wp-content\/uploads\/2025\/11\/DSC01006-Edit-scaled.jpeg 2048w\" sizes=\"(max-width: 800px) 100vw, 800px\" \/>\t\t\t\t\t\t\t\t\t\t\t\t\t\t\t<\/div>\n\t\t\t\t<\/div>\n\t\t<div class=\"elementor-element elementor-element-65df843 e-con-full e-flex e-con e-child\" data-id=\"65df843\" data-element_type=\"container\">\n\t\t\t\t<div class=\"elementor-element elementor-element-9c88948 elementor-widget elementor-widget-image\" data-id=\"9c88948\" data-element_type=\"widget\" data-widget_type=\"image.default\">\n\t\t\t\t\t\t\t\t\t\t\t\t\t\t\t<img decoding=\"async\" src=\"https:\/\/leopoldprvi.com\/wp-content\/uploads\/elementor\/thumbs\/leopold-sticker-scaled-rf6auzbc1wcst8z2s98wwlygvlfjskqllpca3biuyw.png\" title=\"leopold-sticker\" alt=\"leopold-sticker\" loading=\"lazy\" \/>\t\t\t\t\t\t\t\t\t\t\t\t\t\t\t<\/div>\n\t\t\t\t<div class=\"elementor-element elementor-element-78c73aa elementor-widget elementor-widget-text-editor\" data-id=\"78c73aa\" data-element_type=\"widget\" data-widget_type=\"text-editor.default\">\n\t\t\t\t\t\t\t\t\t<div style=\"text-align: left;\">Leopold I. je gornjeradgonski raper, ki v svojih besedilih portretira malega \u010dloveka. Odstira zavese na fluorescentnih fasadah urejenih pode\u017eelskih hi\u0161 in na videz popolnim dru\u017einam kuka v kro\u017enike po nedeljski ma\u0161i (Ur\u0161ula Zaletelj, Val 202).<\/div><div dir=\"ltr\" style=\"text-align: left;\">\u00a0<\/div><div style=\"text-align: left;\">Leopold I. se je na slovenski glasbeni sceni uveljavil leta 2020 z vrsto prodornih in dru\u017ebeno anga\u017eiranih skladb, ki sta jih leta 2022 s producentom Vidom Turico zaokro\u017eila na debitantskem albumu Dobro j\u00fctro.\u00a0<\/div><div dir=\"ltr\" style=\"text-align: left;\">\u00a0<\/div><div style=\"text-align: left;\">Na odrih ga obi\u010dajno spremlja band, Dr\u00fcgi, ki ga sestavljajo prekaljeni muzi\u010darski ma\u010dki Karlo Petrovi\u0107 (bobni), Filip Vadnu (kitara), Vid Turica (bas) in \u017dan Hauptman (klaviature, synth, vokal). In tretji &#8211; tonski tehnik Andi Gal (Road Production).<\/div>\t\t\t\t\t\t\t\t<\/div>\n\t\t\t\t<\/div>\n\t\t\t\t\t<\/div>\n\t\t\t\t<\/div>\n\t\t<div class=\"elementor-element elementor-element-ad9fce5 e-flex e-con-boxed e-con e-parent\" data-id=\"ad9fce5\" data-element_type=\"container\">\n\t\t\t\t\t<div class=\"e-con-inner\">\n\t\t\t\t<div class=\"elementor-element elementor-element-8f76e5f elementor-widget elementor-widget-spacer\" data-id=\"8f76e5f\" data-element_type=\"widget\" data-widget_type=\"spacer.default\">\n\t\t\t\t\t\t\t<div class=\"elementor-spacer\">\n\t\t\t<div class=\"elementor-spacer-inner\"><\/div>\n\t\t<\/div>\n\t\t\t\t\t\t<\/div>\n\t\t\t\t\t<\/div>\n\t\t\t\t<\/div>\n\t\t<div class=\"elementor-element elementor-element-7b387b6 e-flex e-con-boxed e-con e-parent\" data-id=\"7b387b6\" data-element_type=\"container\">\n\t\t\t\t\t<div class=\"e-con-inner\">\n\t\t\t\t<div class=\"elementor-element elementor-element-9b88e7f elementor-shape-rounded elementor-grid-0 e-grid-align-center elementor-widget elementor-widget-social-icons\" data-id=\"9b88e7f\" data-element_type=\"widget\" data-widget_type=\"social-icons.default\">\n\t\t\t\t\t\t\t<div class=\"elementor-social-icons-wrapper elementor-grid\" role=\"list\">\n\t\t\t\t\t\t\t<span class=\"elementor-grid-item\" role=\"listitem\">\n\t\t\t\t\t<a class=\"elementor-icon elementor-social-icon elementor-social-icon-facebook elementor-repeater-item-45ffced\" href=\"https:\/\/www.facebook.com\/radgonskimajk\/?locale=sl_SI\" target=\"_blank\">\n\t\t\t\t\t\t<span class=\"elementor-screen-only\">Facebook<\/span>\n\t\t\t\t\t\t<svg aria-hidden=\"true\" class=\"e-font-icon-svg e-fab-facebook\" viewBox=\"0 0 512 512\" xmlns=\"http:\/\/www.w3.org\/2000\/svg\"><path d=\"M504 256C504 119 393 8 256 8S8 119 8 256c0 123.78 90.69 226.38 209.25 245V327.69h-63V256h63v-54.64c0-62.15 37-96.48 93.67-96.48 27.14 0 55.52 4.84 55.52 4.84v61h-31.28c-30.8 0-40.41 19.12-40.41 38.73V256h68.78l-11 71.69h-57.78V501C413.31 482.38 504 379.78 504 256z\"><\/path><\/svg>\t\t\t\t\t<\/a>\n\t\t\t\t<\/span>\n\t\t\t\t\t\t\t<span class=\"elementor-grid-item\" role=\"listitem\">\n\t\t\t\t\t<a class=\"elementor-icon elementor-social-icon elementor-social-icon-youtube elementor-repeater-item-8a09942\" href=\"https:\/\/www.youtube.com\/@LeopoldIRadgonski\" target=\"_blank\">\n\t\t\t\t\t\t<span class=\"elementor-screen-only\">Youtube<\/span>\n\t\t\t\t\t\t<svg aria-hidden=\"true\" class=\"e-font-icon-svg e-fab-youtube\" viewBox=\"0 0 576 512\" xmlns=\"http:\/\/www.w3.org\/2000\/svg\"><path d=\"M549.655 124.083c-6.281-23.65-24.787-42.276-48.284-48.597C458.781 64 288 64 288 64S117.22 64 74.629 75.486c-23.497 6.322-42.003 24.947-48.284 48.597-11.412 42.867-11.412 132.305-11.412 132.305s0 89.438 11.412 132.305c6.281 23.65 24.787 41.5 48.284 47.821C117.22 448 288 448 288 448s170.78 0 213.371-11.486c23.497-6.321 42.003-24.171 48.284-47.821 11.412-42.867 11.412-132.305 11.412-132.305s0-89.438-11.412-132.305zm-317.51 213.508V175.185l142.739 81.205-142.739 81.201z\"><\/path><\/svg>\t\t\t\t\t<\/a>\n\t\t\t\t<\/span>\n\t\t\t\t\t\t\t<span class=\"elementor-grid-item\" role=\"listitem\">\n\t\t\t\t\t<a class=\"elementor-icon elementor-social-icon elementor-social-icon-instagram elementor-repeater-item-cf5a006\" href=\"https:\/\/www.instagram.com\/leopold_prvi\/\" target=\"_blank\">\n\t\t\t\t\t\t<span class=\"elementor-screen-only\">Instagram<\/span>\n\t\t\t\t\t\t<svg aria-hidden=\"true\" class=\"e-font-icon-svg e-fab-instagram\" viewBox=\"0 0 448 512\" xmlns=\"http:\/\/www.w3.org\/2000\/svg\"><path d=\"M224.1 141c-63.6 0-114.9 51.3-114.9 114.9s51.3 114.9 114.9 114.9S339 319.5 339 255.9 287.7 141 224.1 141zm0 189.6c-41.1 0-74.7-33.5-74.7-74.7s33.5-74.7 74.7-74.7 74.7 33.5 74.7 74.7-33.6 74.7-74.7 74.7zm146.4-194.3c0 14.9-12 26.8-26.8 26.8-14.9 0-26.8-12-26.8-26.8s12-26.8 26.8-26.8 26.8 12 26.8 26.8zm76.1 27.2c-1.7-35.9-9.9-67.7-36.2-93.9-26.2-26.2-58-34.4-93.9-36.2-37-2.1-147.9-2.1-184.9 0-35.8 1.7-67.6 9.9-93.9 36.1s-34.4 58-36.2 93.9c-2.1 37-2.1 147.9 0 184.9 1.7 35.9 9.9 67.7 36.2 93.9s58 34.4 93.9 36.2c37 2.1 147.9 2.1 184.9 0 35.9-1.7 67.7-9.9 93.9-36.2 26.2-26.2 34.4-58 36.2-93.9 2.1-37 2.1-147.8 0-184.8zM398.8 388c-7.8 19.6-22.9 34.7-42.6 42.6-29.5 11.7-99.5 9-132.1 9s-102.7 2.6-132.1-9c-19.6-7.8-34.7-22.9-42.6-42.6-11.7-29.5-9-99.5-9-132.1s-2.6-102.7 9-132.1c7.8-19.6 22.9-34.7 42.6-42.6 29.5-11.7 99.5-9 132.1-9s102.7-2.6 132.1 9c19.6 7.8 34.7 22.9 42.6 42.6 11.7 29.5 9 99.5 9 132.1s2.7 102.7-9 132.1z\"><\/path><\/svg>\t\t\t\t\t<\/a>\n\t\t\t\t<\/span>\n\t\t\t\t\t<\/div>\n\t\t\t\t\t\t<\/div>\n\t\t\t\t<div class=\"elementor-element elementor-element-2167133 elementor-widget elementor-widget-spacer\" data-id=\"2167133\" data-element_type=\"widget\" data-widget_type=\"spacer.default\">\n\t\t\t\t\t\t\t<div class=\"elementor-spacer\">\n\t\t\t<div class=\"elementor-spacer-inner\"><\/div>\n\t\t<\/div>\n\t\t\t\t\t\t<\/div>\n\t\t\t\t\t<\/div>\n\t\t\t\t<\/div>\n\t\t<div class=\"elementor-element elementor-element-33a5f20 e-con-full e-flex e-con e-parent\" data-id=\"33a5f20\" data-element_type=\"container\">\n\t\t<div class=\"elementor-element elementor-element-2fbf2e0 e-con-full e-flex e-con e-child\" data-id=\"2fbf2e0\" data-element_type=\"container\">\n\t\t\t\t<div class=\"elementor-element elementor-element-d45fb85 elementor-widget elementor-widget-video\" data-id=\"d45fb85\" data-element_type=\"widget\" data-settings=\"{&quot;youtube_url&quot;:&quot;https:\\\/\\\/www.youtube.com\\\/watch?v=sZPGIAo8hdk&quot;,&quot;video_type&quot;:&quot;youtube&quot;,&quot;controls&quot;:&quot;yes&quot;}\" data-widget_type=\"video.default\">\n\t\t\t\t\t\t\t<div class=\"elementor-wrapper elementor-open-inline\">\n\t\t\t<div class=\"elementor-video\"><\/div>\t\t<\/div>\n\t\t\t\t\t\t<\/div>\n\t\t\t\t<\/div>\n\t\t<div class=\"elementor-element elementor-element-8024a73 e-con-full e-flex e-con e-child\" data-id=\"8024a73\" data-element_type=\"container\">\n\t\t\t\t<div class=\"elementor-element elementor-element-8354ea6 elementor-widget elementor-widget-video\" data-id=\"8354ea6\" data-element_type=\"widget\" data-settings=\"{&quot;youtube_url&quot;:&quot;https:\\\/\\\/www.youtube.com\\\/watch?v=lTqe0BWgOGQ&quot;,&quot;video_type&quot;:&quot;youtube&quot;,&quot;controls&quot;:&quot;yes&quot;}\" data-widget_type=\"video.default\">\n\t\t\t\t\t\t\t<div class=\"elementor-wrapper elementor-open-inline\">\n\t\t\t<div class=\"elementor-video\"><\/div>\t\t<\/div>\n\t\t\t\t\t\t<\/div>\n\t\t\t\t<\/div>\n\t\t\t\t<\/div>\n\t\t<div class=\"elementor-element elementor-element-88bb955 e-flex e-con-boxed e-con e-parent\" data-id=\"88bb955\" data-element_type=\"container\">\n\t\t\t\t\t<div class=\"e-con-inner\">\n\t\t\t\t<div class=\"elementor-element elementor-element-b4b491d elementor-widget elementor-widget-spacer\" data-id=\"b4b491d\" data-element_type=\"widget\" data-widget_type=\"spacer.default\">\n\t\t\t\t\t\t\t<div class=\"elementor-spacer\">\n\t\t\t<div class=\"elementor-spacer-inner\"><\/div>\n\t\t<\/div>\n\t\t\t\t\t\t<\/div>\n\t\t\t\t\t<\/div>\n\t\t\t\t<\/div>\n\t\t\t\t<\/div>\n\t\t","protected":false},"excerpt":{"rendered":"<p>Leopold I. Leopold I. je gornjeradgonski raper, ki v svojih besedilih portretira malega \u010dloveka. Odstira zavese na fluorescentnih fasadah urejenih pode\u017eelskih hi\u0161 in na videz popolnim dru\u017einam kuka v kro\u017enike po nedeljski ma\u0161i (Ur\u0161ula Zaletelj, Val 202). Ve\u010d&#8230; Leopold I. je gornjeradgonski raper, ki v svojih besedilih portretira malega \u010dloveka. Odstira zavese na fluorescentnih fasadah [&hellip;]<\/p>\n","protected":false},"author":1,"featured_media":0,"parent":0,"menu_order":0,"comment_status":"closed","ping_status":"closed","template":"","meta":{"footnotes":""},"class_list":["post-7","page","type-page","status-publish","hentry"],"_links":{"self":[{"href":"https:\/\/leopoldprvi.com\/index.php?rest_route=\/wp\/v2\/pages\/7","targetHints":{"allow":["GET"]}}],"collection":[{"href":"https:\/\/leopoldprvi.com\/index.php?rest_route=\/wp\/v2\/pages"}],"about":[{"href":"https:\/\/leopoldprvi.com\/index.php?rest_route=\/wp\/v2\/types\/page"}],"author":[{"embeddable":true,"href":"https:\/\/leopoldprvi.com\/index.php?rest_route=\/wp\/v2\/users\/1"}],"replies":[{"embeddable":true,"href":"https:\/\/leopoldprvi.com\/index.php?rest_route=%2Fwp%2Fv2%2Fcomments&post=7"}],"version-history":[{"count":20,"href":"https:\/\/leopoldprvi.com\/index.php?rest_route=\/wp\/v2\/pages\/7\/revisions"}],"predecessor-version":[{"id":35,"href":"https:\/\/leopoldprvi.com\/index.php?rest_route=\/wp\/v2\/pages\/7\/revisions\/35"}],"wp:attachment":[{"href":"https:\/\/leopoldprvi.com\/index.php?rest_route=%2Fwp%2Fv2%2Fmedia&parent=7"}],"curies":[{"name":"wp","href":"https:\/\/api.w.org\/{rel}","templated":true}]}}